{"id":27247,"date":"2025-07-21T15:00:16","date_gmt":"2025-07-21T13:00:16","guid":{"rendered":"https:\/\/www.banfi.it\/?page_id=27247"},"modified":"2025-07-21T15:05:43","modified_gmt":"2025-07-21T13:05:43","slug":"declaration-of-accessibility","status":"publish","type":"page","link":"https:\/\/www.banfi.it\/eng\/dichiarazione-accessibilita\/","title":{"rendered":"Accessibility Statement"},"content":{"rendered":"<div data-elementor-type=\"wp-page\" data-elementor-id=\"27247\" class=\"elementor elementor-27247\" data-elementor-post-type=\"page\">\n\t\t\t\t<div class=\"elementor-element elementor-element-6f465878 e-con-full e-flex e-con e-parent\" data-id=\"6f465878\" data-element_type=\"container\" data-e-type=\"container\">\n\t\t<div class=\"elementor-element elementor-element-7c872c32 e-con-full e-flex e-con e-child\" data-id=\"7c872c32\" data-element_type=\"container\" data-e-type=\"container\" data-settings=\"{&quot;background_background&quot;:&quot;classic&quot;}\">\n\t\t\t\t<div class=\"elementor-element elementor-element-ad33cb7 elementor-widget elementor-widget-heading\" data-id=\"ad33cb7\" data-element_type=\"widget\" data-e-type=\"widget\" data-widget_type=\"heading.default\">\n\t\t\t\t<div class=\"elementor-widget-container\">\n\t\t\t\t\t<h2 class=\"elementor-heading-title elementor-size-default\">Accessibility Statement<\/h2>\t\t\t\t<\/div>\n\t\t\t\t<\/div>\n\t\t\t\t<\/div>\n\t\t\t\t<\/div>\n\t\t<div class=\"elementor-element elementor-element-fe05ed7 e-con-full e-flex e-con e-parent\" data-id=\"fe05ed7\" data-element_type=\"container\" data-e-type=\"container\">\n\t\t\t\t<div class=\"elementor-element elementor-element-91b4328 elementor-widget elementor-widget-spacer\" data-id=\"91b4328\" data-element_type=\"widget\" data-e-type=\"widget\" data-widget_type=\"spacer.default\">\n\t\t\t\t<div class=\"elementor-widget-container\">\n\t\t\t\t\t\t\t<div class=\"elementor-spacer\">\n\t\t\t<div class=\"elementor-spacer-inner\"><\/div>\n\t\t<\/div>\n\t\t\t\t\t\t<\/div>\n\t\t\t\t<\/div>\n\t\t\t\t<\/div>\n\t\t<div class=\"elementor-element elementor-element-6d2dbea e-con-full e-flex e-con e-parent\" data-id=\"6d2dbea\" data-element_type=\"container\" data-e-type=\"container\">\n\t\t<div class=\"elementor-element elementor-element-56f0436 e-con-full e-flex e-con e-child\" data-id=\"56f0436\" data-element_type=\"container\" data-e-type=\"container\">\n\t\t\t\t<\/div>\n\t\t<div class=\"elementor-element elementor-element-b190d9f e-con-full e-flex e-con e-child\" data-id=\"b190d9f\" data-element_type=\"container\" data-e-type=\"container\">\n\t\t\t\t<div class=\"elementor-element elementor-element-ddbf91e elementor-widget elementor-widget-text-editor\" data-id=\"ddbf91e\" data-element_type=\"widget\" data-e-type=\"widget\" data-widget_type=\"text-editor.default\">\n\t\t\t\t<div class=\"elementor-widget-container\">\n\t\t\t\t\t\t\t\t\t<p>Welcome to the Accessibility Section of Banfi Srl\u2019s Website\u00a0<\/p>\n<p>\u00a0<\/p>\n<p>This accessibility statement outlines the measures we have taken to make our website compliant with the new accessibility standards established by the regulations in force as of June 28, 2025, as well as our ongoing commitment to improving the experience for all users.<\/p>\n<p>\u00a0<\/p>\n<p><b>Accessibility Statement<\/b><b><\/b><\/p>\n<p>Drafted pursuant to Legislative Decree of May 27, 2022, No. 82 \u2013 based on Decision (EU) 2018\/1523<\/p>\n<p>\u00a0<\/p>\n<p>Banfi Srl is committed to making its website accessible, in accordance with Legislative Decree <br \/>of May 27, 2022, No. 82, which transposes Directive (EU) 2019\/882.<\/p>\n<p>\u00a0<\/p>\n<p>This accessibility statement applies to the website <a href=\"https:\/\/www.banfi.it\/eng\/\">https:\/\/www.banfi.it\/<\/a>\u00a0<\/p>\n<p>\u00a0<\/p>\n<p><b>COMPLIANCE STATUS<\/b><b><\/b><\/p>\n<p>\u00a0<\/p>\n<p><b>Partially compliant<\/b><b><\/b><\/p>\n<p>\u00a0<\/p>\n<p>Despite our ongoing efforts to ensure the website is fully accessible, we declare partial compliance with the Web Content Accessibility Guidelines (WCAG) 2.2 due to a disproportionate burden in terms of financial and organizational resources required to fully resolve certain issues.<\/p>\n<p>\u00a0<\/p>\n<p>Specifically, fully implementing all WCAG 2.2 success criteria for certain sections or functionalities would require financial and human resources that are currently unavailable or unsustainable, or would involve structural changes that could compromise operational continuity or existing technological stability. At this time, these constraints prevent us from eliminating all identified accessibility barriers.<\/p>\n<p>This website is therefore partially compliant with the WCAG 2.2 Level A standards, due to the non-conformities listed below.<\/p>\n<p>\u00a0<\/p>\n<p><b>NON-ACCESSIBLE CONTENT<\/b><b><\/b><\/p>\n<p>\u00a0<\/p>\n<p>The following content is not accessible for the reasons specified:<\/p>\n<p>\u00a0<\/p>\n<ul>\n<li>The contrast of some orange text on buttons does not meet the minimum 4.5:1 contrast ratio;<\/li>\n<li>The contrast of some pink text does not meet the minimum 4.5:1 contrast ratio;<\/li>\n<li>Presence of text images with alternative descriptions that are not sufficiently descriptive;<\/li>\n<li>Partially correct HTML code;<\/li>\n<li>Some images may lack alternative text;<\/li>\n<li>Some elements may not properly communicate their function;<\/li>\n<li>The cookie modal may not be accessible;<\/li>\n<li>PDF documents may not be accessible.<\/li>\n<\/ul>\n<p>\u00a0<\/p>\n<p><b>COMMITMENT TO CONTINUOUS IMPROVEMENT<\/b><b><\/b><\/p>\n<p>\u00a0<\/p>\n<p>We are committed to continuously improving the accessibility of our website. To this end, we will implement the following action<\/p>\n<p>\u00a0<\/p>\n<ul>\n<li><b>Ongoing monitoring:<\/b> We will regularly assess the accessibility status of the website, also in light of evolving technologies and regulations.<\/li>\n<li><b>Progressive improvements:<\/b> We will implement ongoing improvements, prioritizing the most critical areas or those most used by users.<\/li>\n<li><b>User feedback:<\/b> Feedback and suggestions from users regarding specific difficulties encountered will be carefully reviewed and will serve as a key reference for planning future accessibility enhancements. We encourage users to contact us through the dedicated feedback mechanism to report any accessibility issues.<\/li>\n<\/ul>\n<p>\u00a0<\/p>\n<p>Our goal is to provide an inclusive browsing experience for all users, and we are committed to progressively reducing barriers in line with the resources available and the strategic priorities of the organization.<\/p>\n<p>\u00a0<\/p>\n<p><b>ACCESSIBILITY STATEMENT DRAFTING<\/b><b><\/b><\/p>\n<p>\u00a0<\/p>\n<p>This statement was drafted on 06\/27\/2025.<\/p>\n<p>\u00a0<\/p>\n<p>The statement is based on an assessment carried out by a third party.<\/p>\n<p>\u00a0<\/p>\n<p><b>REPORTING ISSUES AND CONTACT INFORMATION<\/b><b><\/b><\/p>\n<p>\u00a0<\/p>\n<p>Individuals who require assistive technologies or special configurations for browsing may request support or report accessibility issues by writing to:<a href=\"mailto:marketing@banfi.it\">marketing@banfi.it<\/a><\/p>\n<p>\u00a0<\/p>\n<p><span style=\"text-decoration: underline;\">Please include the following information in the body of the email along with the report:<\/span><\/p>\n<p>\u00a0<\/p>\n<ul>\n<li>Website URL<\/li>\n<li>Technical specifications of the setup (operating system, browser, any assistive technologies or tools used)<\/li>\n<li>We will respond to questions and reports within 30 days of receipt. Any reports unrelated to accessibility will not be handled through this channel \u2014 in such cases, we invite you to use the contact details provided on the company\u2019s website.<\/li>\n<\/ul>\n<p>\u00a0<\/p>\n<p>The processing of personal data will follow the terms outlined in our <a href=\"https:\/\/www.iubenda.com\/privacy-policy\/58016179\">privacy policy<\/a>.<\/p>\n<p>\u00a0<\/p>\n<p><b>REPORTING TO AgID<\/b><b><\/b><\/p>\n<p>\u00a0<\/p>\n<p>If you receive an unsatisfactory response or no response within 30 days of your notification or request, you may submit a report using the procedure provided on the official website of AgID (Agency for Digital Italy).<\/p>\n<p>\u00a0<\/p>\n<p><b>WEBSITE INFORMATION<\/b><b><\/b><\/p>\n<p>\u00a0<\/p>\n<p>CMS used: WordPress<\/p>\n<p>Usability tests conducted: Yes<\/p>\n<p data-start=\"3050\" data-end=\"3083\">\u00a0<\/p>\t\t\t\t\t\t\t\t<\/div>\n\t\t\t\t<\/div>\n\t\t\t\t<\/div>\n\t\t<div class=\"elementor-element elementor-element-a6dad16 e-con-full e-flex e-con e-child\" data-id=\"a6dad16\" data-element_type=\"container\" data-e-type=\"container\">\n\t\t\t\t<\/div>\n\t\t\t\t<\/div>\n\t\t\t\t<\/div>","protected":false},"excerpt":{"rendered":"<p>Dichiarazione Accessibilit\u00e0 Ti diamo il benvenuto nella sezione dedicata all&#8217;accessibilit\u00e0 del sito web di Banfi Srl.\u00a0 \u00a0 Questa dichiarazione di accessibilit\u00e0 descrive le misure che abbiamo adottato per rendere il nostro sito web conforme ai nuovi standard di accessibilit\u00e0 previsti dalla normativa in vigore dal 28 giugno 2025 e il nostro impegno a migliorare continuamente [&hellip;]<\/p>\n","protected":false},"author":10,"featured_media":0,"parent":0,"menu_order":0,"comment_status":"closed","ping_status":"closed","template":"elementor_header_footer","meta":{"_acf_changed":false,"footnotes":""},"class_list":["post-27247","page","type-page","status-publish","hentry"],"acf":[],"yoast_head":"<!-- This site is optimized with the Yoast SEO plugin v27.3 - https:\/\/yoast.com\/product\/yoast-seo-wordpress\/ -->\n<title>Dichiarazione Accessibilit\u00e0 - Banfi<\/title>\n<meta name=\"robots\" content=\"index, follow, max-snippet:-1, max-image-preview:large, max-video-preview:-1\" \/>\n<link rel=\"canonical\" href=\"https:\/\/www.banfi.it\/eng\/declaration-of-accessibility\/\" \/>\n<meta property=\"og:locale\" content=\"en_GB\" \/>\n<meta property=\"og:type\" content=\"article\" \/>\n<meta property=\"og:title\" content=\"Dichiarazione Accessibilit\u00e0 - Banfi\" \/>\n<meta property=\"og:description\" content=\"Dichiarazione Accessibilit\u00e0 Ti diamo il benvenuto nella sezione dedicata all&#8217;accessibilit\u00e0 del sito web di Banfi Srl.\u00a0 \u00a0 Questa dichiarazione di accessibilit\u00e0 descrive le misure che abbiamo adottato per rendere il nostro sito web conforme ai nuovi standard di accessibilit\u00e0 previsti dalla normativa in vigore dal 28 giugno 2025 e il nostro impegno a migliorare continuamente [&hellip;]\" \/>\n<meta property=\"og:url\" content=\"https:\/\/www.banfi.it\/eng\/declaration-of-accessibility\/\" \/>\n<meta property=\"og:site_name\" content=\"Banfi\" \/>\n<meta property=\"article:publisher\" content=\"https:\/\/www.facebook.com\/BanfiOfficial\" \/>\n<meta property=\"article:modified_time\" content=\"2025-07-21T13:05:43+00:00\" \/>\n<meta name=\"twitter:card\" content=\"summary_large_image\" \/>\n<meta name=\"twitter:site\" content=\"@BanfiOfficial\" \/>\n<meta name=\"twitter:label1\" content=\"Estimated reading time\" \/>\n\t<meta name=\"twitter:data1\" content=\"4 minutes\" \/>\n<script type=\"application\/ld+json\" class=\"yoast-schema-graph\">{\"@context\":\"https:\\\/\\\/schema.org\",\"@graph\":[{\"@type\":\"WebPage\",\"@id\":\"https:\\\/\\\/www.banfi.it\\\/dichiarazione-accessibilita\\\/\",\"url\":\"https:\\\/\\\/www.banfi.it\\\/dichiarazione-accessibilita\\\/\",\"name\":\"Dichiarazione Accessibilit\u00e0 - Banfi\",\"isPartOf\":{\"@id\":\"https:\\\/\\\/www.banfi.it\\\/#website\"},\"datePublished\":\"2025-07-21T13:00:16+00:00\",\"dateModified\":\"2025-07-21T13:05:43+00:00\",\"breadcrumb\":{\"@id\":\"https:\\\/\\\/www.banfi.it\\\/dichiarazione-accessibilita\\\/#breadcrumb\"},\"inLanguage\":\"en-GB\",\"potentialAction\":[{\"@type\":\"ReadAction\",\"target\":[\"https:\\\/\\\/www.banfi.it\\\/dichiarazione-accessibilita\\\/\"]}]},{\"@type\":\"BreadcrumbList\",\"@id\":\"https:\\\/\\\/www.banfi.it\\\/dichiarazione-accessibilita\\\/#breadcrumb\",\"itemListElement\":[{\"@type\":\"ListItem\",\"position\":1,\"name\":\"Home\",\"item\":\"https:\\\/\\\/www.banfi.it\\\/\"},{\"@type\":\"ListItem\",\"position\":2,\"name\":\"Dichiarazione Accessibilit\u00e0\"}]},{\"@type\":\"WebSite\",\"@id\":\"https:\\\/\\\/www.banfi.it\\\/#website\",\"url\":\"https:\\\/\\\/www.banfi.it\\\/\",\"name\":\"Banfi\",\"description\":\"For a better wine world\",\"publisher\":{\"@id\":\"https:\\\/\\\/www.banfi.it\\\/#organization\"},\"alternateName\":\"Banfi\",\"potentialAction\":[{\"@type\":\"SearchAction\",\"target\":{\"@type\":\"EntryPoint\",\"urlTemplate\":\"https:\\\/\\\/www.banfi.it\\\/?s={search_term_string}\"},\"query-input\":{\"@type\":\"PropertyValueSpecification\",\"valueRequired\":true,\"valueName\":\"search_term_string\"}}],\"inLanguage\":\"en-GB\"},{\"@type\":\"Organization\",\"@id\":\"https:\\\/\\\/www.banfi.it\\\/#organization\",\"name\":\"Banfi\",\"alternateName\":\"Banfi\",\"url\":\"https:\\\/\\\/www.banfi.it\\\/\",\"logo\":{\"@type\":\"ImageObject\",\"inLanguage\":\"en-GB\",\"@id\":\"https:\\\/\\\/www.banfi.it\\\/#\\\/schema\\\/logo\\\/image\\\/\",\"url\":\"https:\\\/\\\/www.banfi.it\\\/wp-content\\\/uploads\\\/2024\\\/06\\\/Logo-stemma-banfi-scuro_a.png\",\"contentUrl\":\"https:\\\/\\\/www.banfi.it\\\/wp-content\\\/uploads\\\/2024\\\/06\\\/Logo-stemma-banfi-scuro_a.png\",\"width\":186,\"height\":173,\"caption\":\"Banfi\"},\"image\":{\"@id\":\"https:\\\/\\\/www.banfi.it\\\/#\\\/schema\\\/logo\\\/image\\\/\"},\"sameAs\":[\"https:\\\/\\\/www.facebook.com\\\/BanfiOfficial\",\"https:\\\/\\\/x.com\\\/BanfiOfficial\",\"https:\\\/\\\/www.instagram.com\\\/banfiofficial\\\/\",\"https:\\\/\\\/www.linkedin.com\\\/company\\\/banfiofficial\\\/\",\"https:\\\/\\\/www.youtube.com\\\/c\\\/Castellobanfi\"]}]}<\/script>\n<!-- \/ Yoast SEO plugin. -->","yoast_head_json":{"title":"Accessibility Statement - Banfi","robots":{"index":"index","follow":"follow","max-snippet":"max-snippet:-1","max-image-preview":"max-image-preview:large","max-video-preview":"max-video-preview:-1"},"canonical":"https:\/\/www.banfi.it\/eng\/declaration-of-accessibility\/","og_locale":"en_GB","og_type":"article","og_title":"Dichiarazione Accessibilit\u00e0 - Banfi","og_description":"Dichiarazione Accessibilit\u00e0 Ti diamo il benvenuto nella sezione dedicata all&#8217;accessibilit\u00e0 del sito web di Banfi Srl.\u00a0 \u00a0 Questa dichiarazione di accessibilit\u00e0 descrive le misure che abbiamo adottato per rendere il nostro sito web conforme ai nuovi standard di accessibilit\u00e0 previsti dalla normativa in vigore dal 28 giugno 2025 e il nostro impegno a migliorare continuamente [&hellip;]","og_url":"https:\/\/www.banfi.it\/eng\/declaration-of-accessibility\/","og_site_name":"Banfi","article_publisher":"https:\/\/www.facebook.com\/BanfiOfficial","article_modified_time":"2025-07-21T13:05:43+00:00","twitter_card":"summary_large_image","twitter_site":"@BanfiOfficial","twitter_misc":{"Estimated reading time":"4 minutes"},"schema":{"@context":"https:\/\/schema.org","@graph":[{"@type":"WebPage","@id":"https:\/\/www.banfi.it\/dichiarazione-accessibilita\/","url":"https:\/\/www.banfi.it\/dichiarazione-accessibilita\/","name":"Accessibility Statement - Banfi","isPartOf":{"@id":"https:\/\/www.banfi.it\/#website"},"datePublished":"2025-07-21T13:00:16+00:00","dateModified":"2025-07-21T13:05:43+00:00","breadcrumb":{"@id":"https:\/\/www.banfi.it\/dichiarazione-accessibilita\/#breadcrumb"},"inLanguage":"en-GB","potentialAction":[{"@type":"ReadAction","target":["https:\/\/www.banfi.it\/dichiarazione-accessibilita\/"]}]},{"@type":"BreadcrumbList","@id":"https:\/\/www.banfi.it\/dichiarazione-accessibilita\/#breadcrumb","itemListElement":[{"@type":"ListItem","position":1,"name":"Home","item":"https:\/\/www.banfi.it\/"},{"@type":"ListItem","position":2,"name":"Dichiarazione Accessibilit\u00e0"}]},{"@type":"WebSite","@id":"https:\/\/www.banfi.it\/#website","url":"https:\/\/www.banfi.it\/","name":"Banfi","description":"For a better wine world","publisher":{"@id":"https:\/\/www.banfi.it\/#organization"},"alternateName":"Banfi","potentialAction":[{"@type":"SearchAction","target":{"@type":"EntryPoint","urlTemplate":"https:\/\/www.banfi.it\/?s={search_term_string}"},"query-input":{"@type":"PropertyValueSpecification","valueRequired":true,"valueName":"search_term_string"}}],"inLanguage":"en-GB"},{"@type":"Organization","@id":"https:\/\/www.banfi.it\/#organization","name":"Banfi","alternateName":"Banfi","url":"https:\/\/www.banfi.it\/","logo":{"@type":"ImageObject","inLanguage":"en-GB","@id":"https:\/\/www.banfi.it\/#\/schema\/logo\/image\/","url":"https:\/\/www.banfi.it\/wp-content\/uploads\/2024\/06\/Logo-stemma-banfi-scuro_a.png","contentUrl":"https:\/\/www.banfi.it\/wp-content\/uploads\/2024\/06\/Logo-stemma-banfi-scuro_a.png","width":186,"height":173,"caption":"Banfi"},"image":{"@id":"https:\/\/www.banfi.it\/#\/schema\/logo\/image\/"},"sameAs":["https:\/\/www.facebook.com\/BanfiOfficial","https:\/\/x.com\/BanfiOfficial","https:\/\/www.instagram.com\/banfiofficial\/","https:\/\/www.linkedin.com\/company\/banfiofficial\/","https:\/\/www.youtube.com\/c\/Castellobanfi"]}]}},"_links":{"self":[{"href":"https:\/\/www.banfi.it\/eng\/wp-json\/wp\/v2\/pages\/27247","targetHints":{"allow":["GET"]}}],"collection":[{"href":"https:\/\/www.banfi.it\/eng\/wp-json\/wp\/v2\/pages"}],"about":[{"href":"https:\/\/www.banfi.it\/eng\/wp-json\/wp\/v2\/types\/page"}],"author":[{"embeddable":true,"href":"https:\/\/www.banfi.it\/eng\/wp-json\/wp\/v2\/users\/10"}],"replies":[{"embeddable":true,"href":"https:\/\/www.banfi.it\/eng\/wp-json\/wp\/v2\/comments?post=27247"}],"version-history":[{"count":0,"href":"https:\/\/www.banfi.it\/eng\/wp-json\/wp\/v2\/pages\/27247\/revisions"}],"wp:attachment":[{"href":"https:\/\/www.banfi.it\/eng\/wp-json\/wp\/v2\/media?parent=27247"}],"curies":[{"name":"wp","href":"https:\/\/api.w.org\/{rel}","templated":true}]}}